{"id":69,"date":"2023-08-13T15:36:36","date_gmt":"2023-08-13T13:36:36","guid":{"rendered":"https:\/\/ensemblechoralmixtedelyon.fr\/?page_id=69"},"modified":"2026-03-16T09:56:06","modified_gmt":"2026-03-16T08:56:06","slug":"accueil","status":"publish","type":"page","link":"https:\/\/ensemblechoralmixtedelyon.fr\/","title":{"rendered":"ACCUEIL"},"content":{"rendered":"\n<h2 class=\"wp-block-heading\"><mark style=\"background-color:rgba(0, 0, 0, 0)\" class=\"has-inline-color has-blue-color\">Bienvenue !<\/mark><\/h2>\n\n\n\n<p class=\"has-text-align-center\"><strong><mark style=\"background-color:#21759b\" class=\"has-inline-color has-light-gray-color\">#SaveTheDate \u266b Nos concerts de fin de saison auront lieu le 6 juin et le 12 juin 2026. \u266b<\/mark><\/strong><\/p>\n\n\n\n<figure class=\"wp-block-gallery has-nested-images columns-default is-cropped wp-block-gallery-1 is-layout-flex wp-block-gallery-is-layout-flex\">\n<figure class=\"wp-block-image size-large\"><img loading=\"lazy\" decoding=\"async\" width=\"1024\" height=\"768\" data-id=\"429\" src=\"https:\/\/ensemblechoralmixtedelyon.fr\/wp-content\/uploads\/2025\/06\/ECML_juin25-1024x768.jpg\" alt=\"\" class=\"wp-image-429\" srcset=\"https:\/\/ensemblechoralmixtedelyon.fr\/wp-content\/uploads\/2025\/06\/ECML_juin25-1024x768.jpg 1024w, https:\/\/ensemblechoralmixtedelyon.fr\/wp-content\/uploads\/2025\/06\/ECML_juin25-300x225.jpg 300w, https:\/\/ensemblechoralmixtedelyon.fr\/wp-content\/uploads\/2025\/06\/ECML_juin25-768x576.jpg 768w, https:\/\/ensemblechoralmixtedelyon.fr\/wp-content\/uploads\/2025\/06\/ECML_juin25-1536x1152.jpg 1536w, https:\/\/ensemblechoralmixtedelyon.fr\/wp-content\/uploads\/2025\/06\/ECML_juin25-2048x1536.jpg 2048w, https:\/\/ensemblechoralmixtedelyon.fr\/wp-content\/uploads\/2025\/06\/ECML_juin25-624x468.jpg 624w\" sizes=\"auto, (max-width: 1024px) 100vw, 1024px\" \/><\/figure>\n<\/figure>\n\n\n\n<p><strong>Qui sommes nous ? <\/strong><\/p>\n\n\n\n<p>L&rsquo;ECML est un <strong>ensemble vocal mixte<\/strong> compos\u00e9 d&rsquo;une quinzaine de <strong>chanteurs amateurs<\/strong> de Lyon et Villeurbanne. Certains lisent la musique, d&rsquo;autres non, mais tous participent, au fil des r\u00e9p\u00e9titions, au projet musical. Il est plac\u00e9 depuis 2004 sous la direction de <strong><a href=\"https:\/\/ensemblechoralmixtedelyon.fr\/index.php\/franck-pelle-rolland\/\" data-type=\"page\" data-id=\"161\">Franck Pell\u00e9-Rolland<\/a><\/strong>.<\/p>\n\n\n\n<p>Les <strong>qualit\u00e9s p\u00e9dagogiques <\/strong>de notre chef de ch\u0153ur, qui sait allier rigueur dans le travail, patience et humour, nous font progresser vers une grande qualit\u00e9 musicale, dans une ambiance conviviale et d\u00e9tendue. Personne n\u2019est laiss\u00e9 sur le bord du chemin, tous donnent le meilleur d&rsquo;eux-m\u00eames et progressent vraiment.<\/p>\n\n\n\n<p>Nous chantons de la&nbsp;<a href=\"https:\/\/ensemblechoralmixtedelyon.fr\/index.php\/repertoire\/\" data-type=\"page\" data-id=\"94\"><strong>musique classique<\/strong>&nbsp;<\/a>et, plus particuli\u00e8rement ces derni\u00e8res ann\u00e9es, un r\u00e9pertoire a capella. Nous chantons des \u0153uvres vari\u00e9es, <strong>du Moyen-Age \u00e0 nos jours<\/strong>, sacr\u00e9es ou profanes, souvent peu connues mais toujours accessibles : Costeley, Passereau, Monteverdi, Caldara, Schumann, Franck, Saint-Sa\u00ebns, Debussy, Poulenc, Kodaly, Bernstein par exemple.<\/p>\n\n\n\n<p>Notre effectif est au complet pour la saison 2025-2026. Mais vous pouvez toujours nous <a href=\"https:\/\/ensemblechoralmixtedelyon.fr\/index.php\/contact\/\" data-type=\"page\" data-id=\"200\">contacter <\/a>pour un projet, un concert ou juste pour \u00e9changer.<\/p>\n\n\n\n<p><\/p>\n","protected":false},"excerpt":{"rendered":"<p>Bienvenue ! #SaveTheDate \u266b Nos concerts de fin de saison auront lieu le 6 juin et le 12 juin 2026. \u266b Qui sommes nous ? L&rsquo;ECML est un ensemble vocal mixte compos\u00e9 d&rsquo;une quinzaine de chanteurs amateurs de Lyon et Villeurbanne. Certains lisent la musique, d&rsquo;autres non, mais tous participent, au fil des r\u00e9p\u00e9titions, au [&hellip;]<\/p>\n","protected":false},"author":1,"featured_media":0,"parent":0,"menu_order":0,"comment_status":"closed","ping_status":"closed","template":"page-templates\/front-page.php","meta":{"footnotes":""},"class_list":["post-69","page","type-page","status-publish","hentry"],"_links":{"self":[{"href":"https:\/\/ensemblechoralmixtedelyon.fr\/index.php\/wp-json\/wp\/v2\/pages\/69","targetHints":{"allow":["GET"]}}],"collection":[{"href":"https:\/\/ensemblechoralmixtedelyon.fr\/index.php\/wp-json\/wp\/v2\/pages"}],"about":[{"href":"https:\/\/ensemblechoralmixtedelyon.fr\/index.php\/wp-json\/wp\/v2\/types\/page"}],"author":[{"embeddable":true,"href":"https:\/\/ensemblechoralmixtedelyon.fr\/index.php\/wp-json\/wp\/v2\/users\/1"}],"replies":[{"embeddable":true,"href":"https:\/\/ensemblechoralmixtedelyon.fr\/index.php\/wp-json\/wp\/v2\/comments?post=69"}],"version-history":[{"count":48,"href":"https:\/\/ensemblechoralmixtedelyon.fr\/index.php\/wp-json\/wp\/v2\/pages\/69\/revisions"}],"predecessor-version":[{"id":509,"href":"https:\/\/ensemblechoralmixtedelyon.fr\/index.php\/wp-json\/wp\/v2\/pages\/69\/revisions\/509"}],"wp:attachment":[{"href":"https:\/\/ensemblechoralmixtedelyon.fr\/index.php\/wp-json\/wp\/v2\/media?parent=69"}],"curies":[{"name":"wp","href":"https:\/\/api.w.org\/{rel}","templated":true}]}}