{"id":2,"date":"2023-08-08T14:15:28","date_gmt":"2023-08-08T12:15:28","guid":{"rendered":"http:\/\/ensemblechoralmixtedelyon.fr\/?page_id=2"},"modified":"2025-09-24T09:14:23","modified_gmt":"2025-09-24T07:14:23","slug":"page-d-exemple","status":"publish","type":"page","link":"https:\/\/ensemblechoralmixtedelyon.fr\/index.php\/page-d-exemple\/","title":{"rendered":"NOUS RECRUTONS"},"content":{"rendered":"\n<figure class=\"wp-block-pullquote\"><blockquote><p><strong><mark style=\"background-color:rgba(0, 0, 0, 0)\" class=\"has-inline-color has-blue-color\">Nous sommes au complet pour la saison 2025-2026. <\/mark><\/strong><\/p><\/blockquote><\/figure>\n\n\n\n<div class=\"wp-block-media-text is-stacked-on-mobile\"><figure class=\"wp-block-media-text__media\"><img loading=\"lazy\" decoding=\"async\" width=\"726\" height=\"1024\" src=\"https:\/\/ensemblechoralmixtedelyon.fr\/wp-content\/uploads\/2025\/06\/affiche_biennale-726x1024.jpg\" alt=\"\" class=\"wp-image-439 size-full\" srcset=\"https:\/\/ensemblechoralmixtedelyon.fr\/wp-content\/uploads\/2025\/06\/affiche_biennale-726x1024.jpg 726w, https:\/\/ensemblechoralmixtedelyon.fr\/wp-content\/uploads\/2025\/06\/affiche_biennale-213x300.jpg 213w, https:\/\/ensemblechoralmixtedelyon.fr\/wp-content\/uploads\/2025\/06\/affiche_biennale-768x1083.jpg 768w, https:\/\/ensemblechoralmixtedelyon.fr\/wp-content\/uploads\/2025\/06\/affiche_biennale-1090x1536.jpg 1090w, https:\/\/ensemblechoralmixtedelyon.fr\/wp-content\/uploads\/2025\/06\/affiche_biennale-624x880.jpg 624w, https:\/\/ensemblechoralmixtedelyon.fr\/wp-content\/uploads\/2025\/06\/affiche_biennale.jpg 1240w\" sizes=\"auto, (max-width: 726px) 100vw, 726px\" \/><\/figure><div class=\"wp-block-media-text__content\">\n<p>Vous cherchez sur Lyon un&nbsp;petit ensemble vocal convivial o\u00f9 l&rsquo;on fait un travail de qualit\u00e9&nbsp;?&nbsp; <\/p>\n\n\n\n<p>Nous n&rsquo;accueillons pas de sopranes ni d&rsquo;altis. Nous recrutons pour les pupitres <strong>tenor et basse<\/strong>.<\/p>\n\n\n\n<p>Rejoignez-nous !<\/p>\n\n\n\n<p><\/p>\n<\/div><\/div>\n\n\n\n<p>Apr\u00e8s un premier&nbsp;contact par courriel au <a href=\"mailto:ecml1957@gmail.com\">ecml1957@gmail.com<\/a>, n&rsquo;h\u00e9sitez pas \u00e0 venir \u00e0 une r\u00e9p\u00e9tition pour vous faire une opinion. Si vous d\u00e9cidez de nous rejoindre, notre chef vous accueillera pour une courte audition.<\/p>\n\n\n\n<p>Nous r\u00e9p\u00e9tons&nbsp;<strong>le mardi de 19h45 \u00e0 21h45&nbsp;\u00e0 Villeurbanne, au CCVA<\/strong> (Centre Culturel de la Vie Associative)<strong>&nbsp;<\/strong>234 cours Emile Zola. M\u00e9tro Flachet, ligne A.&nbsp;<\/p>\n\n\n\n<p>Pour faciliter l&rsquo;apprentissage, des fichiers MP3 sont mis \u00e0 disposition pour chaque voix.<\/p>\n\n\n\n<p>Pour la saison 2025 \/ 2026 le montant annuel de la cotisation est de 215 \u20ac.<\/p>\n\n\n\n<div class=\"wp-block-columns is-layout-flex wp-container-core-columns-is-layout-9d6595d7 wp-block-columns-is-layout-flex\">\n<div class=\"wp-block-column is-layout-flow wp-block-column-is-layout-flow\">\n<figure class=\"wp-block-gallery has-nested-images columns-default is-cropped wp-block-gallery-1 is-layout-flex wp-block-gallery-is-layout-flex\">\n<figure class=\"wp-block-image size-large\"><img loading=\"lazy\" decoding=\"async\" width=\"1024\" height=\"768\" data-id=\"313\" src=\"https:\/\/ensemblechoralmixtedelyon.fr\/wp-content\/uploads\/2024\/05\/IMG_0404-1024x768.jpeg\" alt=\"\" class=\"wp-image-313\" srcset=\"https:\/\/ensemblechoralmixtedelyon.fr\/wp-content\/uploads\/2024\/05\/IMG_0404-1024x768.jpeg 1024w, https:\/\/ensemblechoralmixtedelyon.fr\/wp-content\/uploads\/2024\/05\/IMG_0404-300x225.jpeg 300w, https:\/\/ensemblechoralmixtedelyon.fr\/wp-content\/uploads\/2024\/05\/IMG_0404-768x576.jpeg 768w, https:\/\/ensemblechoralmixtedelyon.fr\/wp-content\/uploads\/2024\/05\/IMG_0404-624x468.jpeg 624w, https:\/\/ensemblechoralmixtedelyon.fr\/wp-content\/uploads\/2024\/05\/IMG_0404.jpeg 1280w\" sizes=\"auto, (max-width: 1024px) 100vw, 1024px\" \/><\/figure>\n<\/figure>\n<\/div>\n\n\n\n<div class=\"wp-block-column is-layout-flow wp-block-column-is-layout-flow\">\n<figure class=\"wp-block-gallery has-nested-images columns-default is-cropped wp-block-gallery-2 is-layout-flex wp-block-gallery-is-layout-flex\">\n<figure class=\"wp-block-image size-large\"><img loading=\"lazy\" decoding=\"async\" width=\"1024\" height=\"768\" data-id=\"138\" src=\"https:\/\/ensemblechoralmixtedelyon.fr\/wp-content\/uploads\/2023\/08\/IMG_0167-la-mieux-avec-FPR-1024x768.jpeg\" alt=\"\" class=\"wp-image-138\" srcset=\"https:\/\/ensemblechoralmixtedelyon.fr\/wp-content\/uploads\/2023\/08\/IMG_0167-la-mieux-avec-FPR-1024x768.jpeg 1024w, https:\/\/ensemblechoralmixtedelyon.fr\/wp-content\/uploads\/2023\/08\/IMG_0167-la-mieux-avec-FPR-300x225.jpeg 300w, https:\/\/ensemblechoralmixtedelyon.fr\/wp-content\/uploads\/2023\/08\/IMG_0167-la-mieux-avec-FPR-768x576.jpeg 768w, https:\/\/ensemblechoralmixtedelyon.fr\/wp-content\/uploads\/2023\/08\/IMG_0167-la-mieux-avec-FPR-1536x1152.jpeg 1536w, https:\/\/ensemblechoralmixtedelyon.fr\/wp-content\/uploads\/2023\/08\/IMG_0167-la-mieux-avec-FPR-2048x1536.jpeg 2048w, https:\/\/ensemblechoralmixtedelyon.fr\/wp-content\/uploads\/2023\/08\/IMG_0167-la-mieux-avec-FPR-624x468.jpeg 624w\" sizes=\"auto, (max-width: 1024px) 100vw, 1024px\" \/><\/figure>\n<\/figure>\n<\/div>\n<\/div>\n","protected":false},"excerpt":{"rendered":"<p>Nous sommes au complet pour la saison 2025-2026. Vous cherchez sur Lyon un&nbsp;petit ensemble vocal convivial o\u00f9 l&rsquo;on fait un travail de qualit\u00e9&nbsp;?&nbsp; Nous n&rsquo;accueillons pas de sopranes ni d&rsquo;altis. Nous recrutons pour les pupitres tenor et basse. Rejoignez-nous ! Apr\u00e8s un premier&nbsp;contact par courriel au ecml1957@gmail.com, n&rsquo;h\u00e9sitez pas \u00e0 venir \u00e0 une r\u00e9p\u00e9tition pour [&hellip;]<\/p>\n","protected":false},"author":1,"featured_media":0,"parent":0,"menu_order":0,"comment_status":"closed","ping_status":"open","template":"","meta":{"footnotes":""},"class_list":["post-2","page","type-page","status-publish","hentry"],"_links":{"self":[{"href":"https:\/\/ensemblechoralmixtedelyon.fr\/index.php\/wp-json\/wp\/v2\/pages\/2","targetHints":{"allow":["GET"]}}],"collection":[{"href":"https:\/\/ensemblechoralmixtedelyon.fr\/index.php\/wp-json\/wp\/v2\/pages"}],"about":[{"href":"https:\/\/ensemblechoralmixtedelyon.fr\/index.php\/wp-json\/wp\/v2\/types\/page"}],"author":[{"embeddable":true,"href":"https:\/\/ensemblechoralmixtedelyon.fr\/index.php\/wp-json\/wp\/v2\/users\/1"}],"replies":[{"embeddable":true,"href":"https:\/\/ensemblechoralmixtedelyon.fr\/index.php\/wp-json\/wp\/v2\/comments?post=2"}],"version-history":[{"count":26,"href":"https:\/\/ensemblechoralmixtedelyon.fr\/index.php\/wp-json\/wp\/v2\/pages\/2\/revisions"}],"predecessor-version":[{"id":485,"href":"https:\/\/ensemblechoralmixtedelyon.fr\/index.php\/wp-json\/wp\/v2\/pages\/2\/revisions\/485"}],"wp:attachment":[{"href":"https:\/\/ensemblechoralmixtedelyon.fr\/index.php\/wp-json\/wp\/v2\/media?parent=2"}],"curies":[{"name":"wp","href":"https:\/\/api.w.org\/{rel}","templated":true}]}}