{"id":161,"date":"2023-08-13T21:11:05","date_gmt":"2023-08-13T19:11:05","guid":{"rendered":"https:\/\/ensemblechoralmixtedelyon.fr\/?page_id=161"},"modified":"2025-09-11T13:14:38","modified_gmt":"2025-09-11T11:14:38","slug":"franck-pelle-rolland","status":"publish","type":"page","link":"https:\/\/ensemblechoralmixtedelyon.fr\/index.php\/franck-pelle-rolland\/","title":{"rendered":"CHEF DE CH\u0152UR"},"content":{"rendered":"\n<p><\/p>\n\n\n\n<div class=\"wp-block-columns is-layout-flex wp-container-core-columns-is-layout-9d6595d7 wp-block-columns-is-layout-flex\">\n<div class=\"wp-block-column is-layout-flow wp-block-column-is-layout-flow\" style=\"flex-basis:50%\">\n<p>Franck Pell\u00e9-Rolland est le chef de ch\u0153ur de l\u2019ECML depuis 2004. <\/p>\n\n\n\n<p>Il a \u00e9tudi\u00e9 la direction de ch\u0153ur avec Nicole Corti, Antoine Finck et ponctuellement avec R\u00e9gine Th\u00e9odoresco.<\/p>\n\n\n\n<p>DEM de direction de ch\u0153ur, DEM de formation musicale, M\u00e9daille d&rsquo;or de musique de chambre, DPEM Willems. <\/p>\n\n\n\n<p>Il enseigne le piano et anime par ailleurs tous les ans des stages de chant choral, avec le <a href=\"https:\/\/www.lechantdesoyseaux.fr\/\" data-type=\"link\" data-id=\"https:\/\/www.lechantdesoyseaux.fr\/\">Chant des Oyseaux<\/a>. <\/p>\n<\/div>\n\n\n\n<div class=\"wp-block-column is-layout-flow wp-block-column-is-layout-flow\" style=\"flex-basis:50%\">\n<figure class=\"wp-block-image size-large is-resized\"><img loading=\"lazy\" decoding=\"async\" width=\"763\" height=\"1024\" src=\"http:\/\/ensemblechoralmixtedelyon.fr\/wp-content\/uploads\/2023\/08\/IMG_1238-763x1024.jpg\" alt=\"\" class=\"wp-image-139\" style=\"aspect-ratio:0.7428571428571429;width:243px;height:auto\" srcset=\"https:\/\/ensemblechoralmixtedelyon.fr\/wp-content\/uploads\/2023\/08\/IMG_1238-763x1024.jpg 763w, https:\/\/ensemblechoralmixtedelyon.fr\/wp-content\/uploads\/2023\/08\/IMG_1238-223x300.jpg 223w, https:\/\/ensemblechoralmixtedelyon.fr\/wp-content\/uploads\/2023\/08\/IMG_1238-768x1031.jpg 768w, https:\/\/ensemblechoralmixtedelyon.fr\/wp-content\/uploads\/2023\/08\/IMG_1238-1144x1536.jpg 1144w, https:\/\/ensemblechoralmixtedelyon.fr\/wp-content\/uploads\/2023\/08\/IMG_1238-624x838.jpg 624w, https:\/\/ensemblechoralmixtedelyon.fr\/wp-content\/uploads\/2023\/08\/IMG_1238.jpg 1226w\" sizes=\"auto, (max-width: 763px) 100vw, 763px\" \/><\/figure>\n<\/div>\n<\/div>\n\n\n\n<p><\/p>\n","protected":false},"excerpt":{"rendered":"<p>Franck Pell\u00e9-Rolland est le chef de ch\u0153ur de l\u2019ECML depuis 2004. Il a \u00e9tudi\u00e9 la direction de ch\u0153ur avec Nicole Corti, Antoine Finck et ponctuellement avec R\u00e9gine Th\u00e9odoresco. DEM de direction de ch\u0153ur, DEM de formation musicale, M\u00e9daille d&rsquo;or de musique de chambre, DPEM Willems. Il enseigne le piano et anime par ailleurs tous les [&hellip;]<\/p>\n","protected":false},"author":1,"featured_media":0,"parent":0,"menu_order":0,"comment_status":"closed","ping_status":"closed","template":"","meta":{"footnotes":""},"class_list":["post-161","page","type-page","status-publish","hentry"],"_links":{"self":[{"href":"https:\/\/ensemblechoralmixtedelyon.fr\/index.php\/wp-json\/wp\/v2\/pages\/161","targetHints":{"allow":["GET"]}}],"collection":[{"href":"https:\/\/ensemblechoralmixtedelyon.fr\/index.php\/wp-json\/wp\/v2\/pages"}],"about":[{"href":"https:\/\/ensemblechoralmixtedelyon.fr\/index.php\/wp-json\/wp\/v2\/types\/page"}],"author":[{"embeddable":true,"href":"https:\/\/ensemblechoralmixtedelyon.fr\/index.php\/wp-json\/wp\/v2\/users\/1"}],"replies":[{"embeddable":true,"href":"https:\/\/ensemblechoralmixtedelyon.fr\/index.php\/wp-json\/wp\/v2\/comments?post=161"}],"version-history":[{"count":8,"href":"https:\/\/ensemblechoralmixtedelyon.fr\/index.php\/wp-json\/wp\/v2\/pages\/161\/revisions"}],"predecessor-version":[{"id":470,"href":"https:\/\/ensemblechoralmixtedelyon.fr\/index.php\/wp-json\/wp\/v2\/pages\/161\/revisions\/470"}],"wp:attachment":[{"href":"https:\/\/ensemblechoralmixtedelyon.fr\/index.php\/wp-json\/wp\/v2\/media?parent=161"}],"curies":[{"name":"wp","href":"https:\/\/api.w.org\/{rel}","templated":true}]}}